{"id":511,"date":"2019-08-27T12:02:42","date_gmt":"2019-08-27T10:02:42","guid":{"rendered":"http:\/\/wassner.tradino-agentur.de\/?page_id=511"},"modified":"2024-07-08T09:00:12","modified_gmt":"2024-07-08T07:00:12","slug":"accueil","status":"publish","type":"page","link":"https:\/\/wassnergreengold.ch\/fr\/","title":{"rendered":"accueil"},"content":{"rendered":"\n<style type=\"text\/css\" data-created_by=\"avia_inline_auto\" id=\"style-css-av-jy9tpwa1-8153984a24d4e35a2bba559160063fab\">\n.avia-section.av-jy9tpwa1-8153984a24d4e35a2bba559160063fab .av-parallax .av-parallax-inner{\nbackground-repeat:no-repeat;\nbackground-image:url(https:\/\/wassnergreengold.ch\/wp-content\/uploads\/2019\/08\/green-gold-header.jpg);\nbackground-position:0% 0%;\nbackground-attachment:scroll;\n}\n<\/style>\n<div id='av_section_1'  class='avia-section av-jy9tpwa1-8153984a24d4e35a2bba559160063fab main_color avia-section-no-padding avia-no-border-styling  avia-builder-el-0  el_before_av_section  avia-builder-el-first  avia-full-stretch av-parallax-section avia-bg-style-parallax av-minimum-height av-minimum-height-custom av-height-custom  container_wrap sidebar_right'  data-section-bg-repeat='stretch' data-av_minimum_height_px='500'><div class='av-parallax' data-avia-parallax-ratio='0.3' ><div class='av-parallax-inner main_color avia-full-stretch'><\/div><\/div><div class='container av-section-cont-open' style='height:500px'><main  role=\"main\" itemprop=\"mainContentOfPage\"  class='template-page content  av-content-small alpha units'><div class='post-entry post-entry-type-page post-entry-511'><div class='entry-content-wrapper clearfix'>\n\n<style type=\"text\/css\" data-created_by=\"avia_inline_auto\" id=\"style-css-av-1r286-825779e808d81d2f26dae98573d5007c\">\n.flex_column.av-1r286-825779e808d81d2f26dae98573d5007c{\nborder-radius:0px 0px 0px 0px;\npadding:0px 0px 0px 0px;\n}\n<\/style>\n<div  class='flex_column av-1r286-825779e808d81d2f26dae98573d5007c av_three_fifth  avia-builder-el-1  el_before_av_two_fifth  avia-builder-el-first  first flex_column_div av-zero-column-padding  '     ><\/div>\n<style type=\"text\/css\" data-created_by=\"avia_inline_auto\" id=\"style-css-av-14jyq-43ca83a7564373f3aa91e621547e4612\">\n.flex_column.av-14jyq-43ca83a7564373f3aa91e621547e4612{\nborder-radius:0px 0px 0px 0px;\npadding:0px 0px 0px 0px;\n}\n<\/style>\n<div  class='flex_column av-14jyq-43ca83a7564373f3aa91e621547e4612 av_two_fifth  avia-builder-el-2  el_after_av_three_fifth  avia-builder-el-last  flex_column_div av-zero-column-padding  '     ><style type=\"text\/css\" data-created_by=\"avia_inline_auto\" id=\"style-css-av-jzmjvxt4-8cc8a95b57310eeab14001ab52896d18\">\n#top .av_textblock_section.av-jzmjvxt4-8cc8a95b57310eeab14001ab52896d18 .avia_textblock{\nfont-size:27px;\ncolor:#ffffff;\n}\n<\/style>\n<section  class='av_textblock_section av-jzmjvxt4-8cc8a95b57310eeab14001ab52896d18 '   itemscope=\"itemscope\" itemtype=\"https:\/\/schema.org\/CreativeWork\" ><div class='avia_textblock av_inherit_color'  itemprop=\"text\" ><h1 style=\"text-align: center;\"><span class=\"demi\">GREEN GOLD BY WASSNER<\/span><\/h1>\n<h2 style=\"text-align: center;\">BIJOUX EN OR DURABLES<\/h2>\n<\/div><\/section><\/div>\n\n<\/div><\/div><\/main><!-- close content main element --><\/div><\/div><div id='av_section_2'  class='avia-section av-7xi6-dc86f06a0d2ce69303f677ee75dfc248 main_color avia-section-default avia-no-border-styling  avia-builder-el-4  el_after_av_section  el_before_av_section  avia-bg-style-scroll container_wrap sidebar_right'  ><div class='container av-section-cont-open' ><div class='template-page content  av-content-small alpha units'><div class='post-entry post-entry-type-page post-entry-511'><div class='entry-content-wrapper clearfix'>\n\n<style type=\"text\/css\" data-created_by=\"avia_inline_auto\" id=\"style-css-av-1rinu-ece5f5549083e389101b82e024530b77\">\n.flex_column.av-1rinu-ece5f5549083e389101b82e024530b77{\nborder-radius:0px 0px 0px 0px;\npadding:0px 0px 0px 0px;\n}\n<\/style>\n<div  class='flex_column av-1rinu-ece5f5549083e389101b82e024530b77 av_three_fifth  avia-builder-el-5  el_before_av_two_fifth  avia-builder-el-first  first flex_column_div av-zero-column-padding  '     ><p>\n<style type=\"text\/css\" data-created_by=\"avia_inline_auto\" id=\"style-css-av-jzwf11q2-d44c27fd20da0bdda6dc777185b09672\">\n#top .av-special-heading.av-jzwf11q2-d44c27fd20da0bdda6dc777185b09672{\npadding-bottom:22px;\nfont-size:28px;\n}\nbody .av-special-heading.av-jzwf11q2-d44c27fd20da0bdda6dc777185b09672 .av-special-heading-tag .heading-char{\nfont-size:25px;\n}\n#top #wrap_all .av-special-heading.av-jzwf11q2-d44c27fd20da0bdda6dc777185b09672 .av-special-heading-tag{\nfont-size:28px;\n}\n.av-special-heading.av-jzwf11q2-d44c27fd20da0bdda6dc777185b09672 .av-subheading{\nfont-size:15px;\n}\n\n@media only screen and (min-width: 480px) and (max-width: 767px){ \n#top #wrap_all .av-special-heading.av-jzwf11q2-d44c27fd20da0bdda6dc777185b09672 .av-special-heading-tag{\nfont-size:0.8em;\n}\n}\n\n@media only screen and (max-width: 479px){ \n#top #wrap_all .av-special-heading.av-jzwf11q2-d44c27fd20da0bdda6dc777185b09672 .av-special-heading-tag{\nfont-size:0.8em;\n}\n}\n<\/style>\n<div  class='av-special-heading av-jzwf11q2-d44c27fd20da0bdda6dc777185b09672 av-special-heading-h1 blockquote modern-quote modern-centered  avia-builder-el-6  el_before_av_icon_box  avia-builder-el-first  av-inherit-size'><h1 class='av-special-heading-tag '  itemprop=\"headline\"  >Notre garantie Green Gold<\/h1><div class=\"special-heading-border\"><div class=\"special-heading-inner-border\"><\/div><\/div><\/div><br \/>\n\n<style type=\"text\/css\" data-created_by=\"avia_inline_auto\" id=\"style-css-av-jzpa3ygz-aefa9d3bf8521e57f072b50bfacffaee\">\n#top #wrap_all .iconbox.av-jzpa3ygz-aefa9d3bf8521e57f072b50bfacffaee .iconbox_content_title{\ncolor:#96ab00;\n}\n.iconbox.av-jzpa3ygz-aefa9d3bf8521e57f072b50bfacffaee .iconbox_content_container{\ncolor:#90989e;\n}\n<\/style>\n<article  class='iconbox iconbox_top av-jzpa3ygz-aefa9d3bf8521e57f072b50bfacffaee  avia-builder-el-7  el_after_av_heading  el_before_av_hr  main_color'  itemscope=\"itemscope\" itemtype=\"https:\/\/schema.org\/CreativeWork\" ><div class=\"iconbox_content\"><header class=\"entry-content-header\" aria-label=\"Ic\u00f4ne : Social\"><div class='iconbox_icon heading-color avia-iconfont avia-font-entypo-fontello' data-av_icon='\ue80b' data-av_iconfont='entypo-fontello'  ><\/div><h3 class='iconbox_content_title '  itemprop=\"headline\" >Social<\/h3><\/header><div class='iconbox_content_container av_inherit_color'  itemprop=\"text\" ><p>Respect des droits humains et responsabilit\u00e9 sociale<\/p>\n<\/div><\/div><footer class=\"entry-footer\"><\/footer><\/article><br \/>\n\n<style type=\"text\/css\" data-created_by=\"avia_inline_auto\" id=\"style-css-av-lxspnnwo-17870e3ba90855215ec0181af4a12159\">\n#top .hr.hr-invisible.av-lxspnnwo-17870e3ba90855215ec0181af4a12159{\nheight:10px;\n}\n<\/style>\n<div  class='hr av-lxspnnwo-17870e3ba90855215ec0181af4a12159 hr-invisible  avia-builder-el-8  el_after_av_icon_box  el_before_av_icon_box '><span class='hr-inner '><span class=\"hr-inner-style\"><\/span><\/span><\/div><br \/>\n\n<style type=\"text\/css\" data-created_by=\"avia_inline_auto\" id=\"style-css-av-jzpa3ygz-2-8974f6084dd4e3321c52dff3b36500f5\">\n#top #wrap_all .iconbox.av-jzpa3ygz-2-8974f6084dd4e3321c52dff3b36500f5 .iconbox_content_title{\ncolor:#96ab00;\n}\n.iconbox.av-jzpa3ygz-2-8974f6084dd4e3321c52dff3b36500f5 .iconbox_content_container{\ncolor:#90989e;\n}\n<\/style>\n<article  class='iconbox iconbox_top av-jzpa3ygz-2-8974f6084dd4e3321c52dff3b36500f5  avia-builder-el-9  el_after_av_hr  el_before_av_hr  main_color'  itemscope=\"itemscope\" itemtype=\"https:\/\/schema.org\/CreativeWork\" ><div class=\"iconbox_content\"><header class=\"entry-content-header\" aria-label=\"Ic\u00f4ne : Durable\"><div class='iconbox_icon heading-color avia-iconfont avia-font-entypo-fontello' data-av_icon='\ue8b8' data-av_iconfont='entypo-fontello'  ><\/div><h3 class='iconbox_content_title '  itemprop=\"headline\" >Durable<\/h3><\/header><div class='iconbox_content_container av_inherit_color'  itemprop=\"text\" ><p>L&rsquo;or recycl\u00e9 certifi\u00e9 COC est privil\u00e9gi\u00e9. S&rsquo;il n&rsquo;y en a pas assez, l&rsquo;or est extrait selon des directives \u00e9cologiques extr\u00eamement strictes.<\/p>\n<\/div><\/div><footer class=\"entry-footer\"><\/footer><\/article><br \/>\n\n<style type=\"text\/css\" data-created_by=\"avia_inline_auto\" id=\"style-css-av-5h5j-0cb91e626dabd89cf39dfe45cf609789\">\n#top .hr.hr-invisible.av-5h5j-0cb91e626dabd89cf39dfe45cf609789{\nheight:10px;\n}\n<\/style>\n<div  class='hr av-5h5j-0cb91e626dabd89cf39dfe45cf609789 hr-invisible  avia-builder-el-10  el_after_av_icon_box  el_before_av_icon_box '><span class='hr-inner '><span class=\"hr-inner-style\"><\/span><\/span><\/div><br \/>\n\n<style type=\"text\/css\" data-created_by=\"avia_inline_auto\" id=\"style-css-av-jzpa3ygz-1-80e14b7eff571bf88dfd09d32eb1737b\">\n#top #wrap_all .iconbox.av-jzpa3ygz-1-80e14b7eff571bf88dfd09d32eb1737b .iconbox_content_title{\ncolor:#96ab00;\n}\n.iconbox.av-jzpa3ygz-1-80e14b7eff571bf88dfd09d32eb1737b .iconbox_content_container{\ncolor:#90989e;\n}\n<\/style>\n<article  class='iconbox iconbox_top av-jzpa3ygz-1-80e14b7eff571bf88dfd09d32eb1737b  avia-builder-el-11  el_after_av_hr  avia-builder-el-last  main_color'  itemscope=\"itemscope\" itemtype=\"https:\/\/schema.org\/CreativeWork\" ><div class=\"iconbox_content\"><header class=\"entry-content-header\" aria-label=\"Ic\u00f4ne : Responsable\"><div class='iconbox_icon heading-color avia-iconfont avia-font-entypo-fontello' data-av_icon='\ue806' data-av_iconfont='entypo-fontello'  ><\/div><h3 class='iconbox_content_title '  itemprop=\"headline\" >Responsable<\/h3><\/header><div class='iconbox_content_container av_inherit_color'  itemprop=\"text\" ><p>Respect du <a href=\"https:\/\/www.gold.org\/goldhub\/research\/what-conflict-free-gold-standard-video\">\u00ab\u00a0Conflict-Free Gold Standard\u00a0\u00bb<\/a> : aucun soutien apport\u00e9 \u00e0 des parties bellig\u00e9rates<\/p>\n<\/div><\/div><footer class=\"entry-footer\"><\/footer><\/article><\/p><\/div>\n<style type=\"text\/css\" data-created_by=\"avia_inline_auto\" id=\"style-css-av-u7qq-39919f4d2abc98559c9d3108acb8dfd3\">\n.flex_column.av-u7qq-39919f4d2abc98559c9d3108acb8dfd3{\nborder-radius:0px 0px 0px 0px;\npadding:0px 0px 0px 0px;\n}\n<\/style>\n<div  class='flex_column av-u7qq-39919f4d2abc98559c9d3108acb8dfd3 av_two_fifth  avia-builder-el-12  el_after_av_three_fifth  avia-builder-el-last  flex_column_div av-zero-column-padding  '     ><p>\n<style type=\"text\/css\" data-created_by=\"avia_inline_auto\" id=\"style-css-av-k03jmjyx-17116b9086a0c1d508b244c63319b86f\">\n.avia-image-container.av-k03jmjyx-17116b9086a0c1d508b244c63319b86f img.avia_image{\nbox-shadow:none;\n}\n.avia-image-container.av-k03jmjyx-17116b9086a0c1d508b244c63319b86f .av-image-caption-overlay-center{\ncolor:#ffffff;\n}\n<\/style>\n<div  class='avia-image-container av-k03jmjyx-17116b9086a0c1d508b244c63319b86f av-styling- avia-align-center  avia-builder-el-13  el_before_av_heading  avia-builder-el-first '   itemprop=\"image\" itemscope=\"itemscope\" itemtype=\"https:\/\/schema.org\/ImageObject\" ><div class=\"avia-image-container-inner\"><div class=\"avia-image-overlay-wrap\"><img decoding=\"async\" fetchpriority=\"high\" class='wp-image-886 avia-img-lazy-loading-not-886 avia_image ' src=\"https:\/\/wassnergreengold.ch\/wp-content\/uploads\/2024\/03\/greengold_wassner.jpg\" alt='' title='greengold_wassner'  height=\"759\" width=\"1030\"  itemprop=\"thumbnailUrl\" srcset=\"https:\/\/wassnergreengold.ch\/wp-content\/uploads\/2024\/03\/greengold_wassner.jpg 1030w, https:\/\/wassnergreengold.ch\/wp-content\/uploads\/2024\/03\/greengold_wassner-300x221.jpg 300w, https:\/\/wassnergreengold.ch\/wp-content\/uploads\/2024\/03\/greengold_wassner-768x566.jpg 768w, https:\/\/wassnergreengold.ch\/wp-content\/uploads\/2024\/03\/greengold_wassner-705x520.jpg 705w\" sizes=\"(max-width: 1030px) 100vw, 1030px\" \/><\/div><\/div><\/div><br \/>\n\n<style type=\"text\/css\" data-created_by=\"avia_inline_auto\" id=\"style-css-av-91mm7-d1bad19604204aaa5ce0c5cfb3b66d46\">\n#top .av-special-heading.av-91mm7-d1bad19604204aaa5ce0c5cfb3b66d46{\npadding-bottom:2px;\n}\nbody .av-special-heading.av-91mm7-d1bad19604204aaa5ce0c5cfb3b66d46 .av-special-heading-tag .heading-char{\nfont-size:25px;\n}\n#top #wrap_all .av-special-heading.av-91mm7-d1bad19604204aaa5ce0c5cfb3b66d46 .av-special-heading-tag{\npadding:2px 2px 2px 2px;\n}\n.av-special-heading.av-91mm7-d1bad19604204aaa5ce0c5cfb3b66d46 .av-subheading{\nfont-size:15px;\n}\n<\/style>\n<div  class='av-special-heading av-91mm7-d1bad19604204aaa5ce0c5cfb3b66d46 av-special-heading-h2 blockquote modern-quote  avia-builder-el-14  el_after_av_image  el_before_av_textblock  av-linked-heading'><h2 class='av-special-heading-tag '  itemprop=\"headline\"  >Raisons qui parlent en faveur de Green Gold<\/h2><div class=\"special-heading-border\"><div class=\"special-heading-inner-border\"><\/div><\/div><\/div><br \/>\n<section  class='av_textblock_section av-jy9txtd7-ebd5337b11e35a12ac6b252abfc7e8e5 '   itemscope=\"itemscope\" itemtype=\"https:\/\/schema.org\/CreativeWork\" ><div class='avia_textblock'  itemprop=\"text\" ><p>Les bijoux en Green Gold sont un investissement dans l\u2019avenir et ont pour but de vous faire plaisir pendant longtemps. Nous attachons une attention particuli\u00e8re \u00e0 ce que l\u2019or provienne de sources responsables et d\u2019un commerce \u00e9quitable. Nos bijoux du label Green Gold by Wassner r\u00e9pondent pr\u00e9cis\u00e9ment \u00e0 ces exigences.<\/p>\n<p><a href=\"https:\/\/wassnergreengold.ch\/fr\/a-propos-de-green-gold\/\"><em>&gt; continuer<\/em><\/a><a href=\"https:\/\/wassnergreengold.ch\/ueber-greengold\/\"><em><br \/>\n<\/em><\/a><\/p>\n<\/div><\/section><\/p><\/div><\/div><\/div><\/div><!-- close content main div --><\/div><\/div><div id='av_section_3'  class='avia-section av-7xi6-3-45eae2b5cd1a939c18408cf5a9e157cd main_color avia-section-default avia-no-border-styling  avia-builder-el-16  el_after_av_section  avia-builder-el-last  avia-bg-style-scroll container_wrap sidebar_right'  ><div class='container av-section-cont-open' ><div class='template-page content  av-content-small alpha units'><div class='post-entry post-entry-type-page post-entry-511'><div class='entry-content-wrapper clearfix'>\n<div  class='hr av-7ijlb-ba2809c2eabafc63183136c9d2436668 hr-default  avia-builder-el-17  el_before_av_three_fifth  avia-builder-el-first '><span class='hr-inner '><span class=\"hr-inner-style\"><\/span><\/span><\/div>\n\n<style type=\"text\/css\" data-created_by=\"avia_inline_auto\" id=\"style-css-av-u7qq-5-653334dfa0a1638a3f24b8d147a91685\">\n.flex_column.av-u7qq-5-653334dfa0a1638a3f24b8d147a91685{\nborder-radius:0px 0px 0px 0px;\npadding:0px 0px 0px 0px;\n}\n<\/style>\n<div  class='flex_column av-u7qq-5-653334dfa0a1638a3f24b8d147a91685 av_three_fifth  avia-builder-el-18  el_after_av_hr  el_before_av_two_fifth  first flex_column_div av-zero-column-padding  '     ><p>\n<style type=\"text\/css\" data-created_by=\"avia_inline_auto\" id=\"style-css-av-a8kwv-7e6c7991dc213a12da7a164f6270e007\">\n#top .av-special-heading.av-a8kwv-7e6c7991dc213a12da7a164f6270e007{\npadding-bottom:2px;\n}\nbody .av-special-heading.av-a8kwv-7e6c7991dc213a12da7a164f6270e007 .av-special-heading-tag .heading-char{\nfont-size:25px;\n}\n.av-special-heading.av-a8kwv-7e6c7991dc213a12da7a164f6270e007 .av-subheading{\nfont-size:15px;\n}\n<\/style>\n<div  class='av-special-heading av-a8kwv-7e6c7991dc213a12da7a164f6270e007 av-special-heading-h2 blockquote modern-quote  avia-builder-el-19  el_before_av_textblock  avia-builder-el-first '><h2 class='av-special-heading-tag '  itemprop=\"headline\"  >Wassner \u2013 une entreprise de tradition<\/h2><div class=\"special-heading-border\"><div class=\"special-heading-inner-border\"><\/div><\/div><\/div><br \/>\n<section  class='av_textblock_section av-jy9txtd7-4-df7f5fdc0fb20dc98be1d009a8f10a06 '   itemscope=\"itemscope\" itemtype=\"https:\/\/schema.org\/CreativeWork\" ><div class='avia_textblock'  itemprop=\"text\" ><p>Wassner existe depuis plus de cent ans. Depuis la cr\u00e9ation de l\u2019entreprise, trois choses nous tiennent particuli\u00e8rement \u00e0 c\u0153ur : qualit\u00e9, tradition et esth\u00e9tique. Nous livrons de nombreux bijoux en or au commerce sp\u00e9cialis\u00e9 suisse. Depuis 2015, nous misons sur l\u2019or durable avec notre label Green Gold by Wassner, car la g\u00e9n\u00e9ration future est pour nous aussi importante que la pr\u00e9c\u00e9dente.<\/p>\n<p><a href=\"https:\/\/wassnergreengold.ch\/fr\/a-notre-propos\/\"><em>&gt; continuer<\/em><\/a><\/p>\n<\/div><\/section><\/p><\/div>\n<style type=\"text\/css\" data-created_by=\"avia_inline_auto\" id=\"style-css-av-1rinu-6-15663d037982a4dd75f8642e11862b2e\">\n.flex_column.av-1rinu-6-15663d037982a4dd75f8642e11862b2e{\nborder-radius:0px 0px 0px 0px;\npadding:0px 0px 0px 0px;\n}\n<\/style>\n<div  class='flex_column av-1rinu-6-15663d037982a4dd75f8642e11862b2e av_two_fifth  avia-builder-el-21  el_after_av_three_fifth  avia-builder-el-last  flex_column_div av-zero-column-padding  '     ><style type=\"text\/css\" data-created_by=\"avia_inline_auto\" id=\"style-css-av-jy9ttieq-a653d6a398422fcd09239d925a5a93c5\">\n.avia-image-container.av-jy9ttieq-a653d6a398422fcd09239d925a5a93c5 img.avia_image{\nbox-shadow:none;\n}\n.avia-image-container.av-jy9ttieq-a653d6a398422fcd09239d925a5a93c5 .av-image-caption-overlay-center{\ncolor:#ffffff;\n}\n<\/style>\n<div  class='avia-image-container av-jy9ttieq-a653d6a398422fcd09239d925a5a93c5 av-styling-no-styling av-img-linked avia-align-left  avia-builder-el-22  avia-builder-el-no-sibling '   itemprop=\"image\" itemscope=\"itemscope\" itemtype=\"https:\/\/schema.org\/ImageObject\" ><div class=\"avia-image-container-inner\"><div class=\"avia-image-overlay-wrap\"><a href=\"http:\/\/www.wassner.ch\" class='avia_image '  aria-label='Logo Wassner'><img decoding=\"async\" fetchpriority=\"high\" class='wp-image-312 avia-img-lazy-loading-not-312 avia_image ' src=\"https:\/\/wassnergreengold.ch\/wp-content\/uploads\/2019\/08\/Wassner-Logo-300x106.jpg\" alt='Logo Wassner - bijou en or' title='Logo Wassner'  height=\"106\" width=\"300\"  itemprop=\"thumbnailUrl\" srcset=\"https:\/\/wassnergreengold.ch\/wp-content\/uploads\/2019\/08\/Wassner-Logo-300x106.jpg 300w, https:\/\/wassnergreengold.ch\/wp-content\/uploads\/2019\/08\/Wassner-Logo.jpg 301w\" sizes=\"(max-width: 300px) 100vw, 300px\" \/><\/a><\/div><\/div><\/div><\/div>\n<\/div><\/div><\/div><!-- close content main div --><\/div><\/div><div id='after_section_3'  class='main_color av_default_container_wrap container_wrap sidebar_right'  ><div class='container av-section-cont-open' ><div class='template-page content  av-content-small alpha units'><div class='post-entry post-entry-type-page post-entry-511'><div class='entry-content-wrapper clearfix'><\/p>\n","protected":false},"excerpt":{"rendered":"","protected":false},"author":2,"featured_media":0,"parent":0,"menu_order":0,"comment_status":"closed","ping_status":"closed","template":"","meta":{"footnotes":""},"class_list":["post-511","page","type-page","status-publish","hentry"],"_links":{"self":[{"href":"https:\/\/wassnergreengold.ch\/fr\/wp-json\/wp\/v2\/pages\/511","targetHints":{"allow":["GET"]}}],"collection":[{"href":"https:\/\/wassnergreengold.ch\/fr\/wp-json\/wp\/v2\/pages"}],"about":[{"href":"https:\/\/wassnergreengold.ch\/fr\/wp-json\/wp\/v2\/types\/page"}],"author":[{"embeddable":true,"href":"https:\/\/wassnergreengold.ch\/fr\/wp-json\/wp\/v2\/users\/2"}],"replies":[{"embeddable":true,"href":"https:\/\/wassnergreengold.ch\/fr\/wp-json\/wp\/v2\/comments?post=511"}],"version-history":[{"count":26,"href":"https:\/\/wassnergreengold.ch\/fr\/wp-json\/wp\/v2\/pages\/511\/revisions"}],"predecessor-version":[{"id":991,"href":"https:\/\/wassnergreengold.ch\/fr\/wp-json\/wp\/v2\/pages\/511\/revisions\/991"}],"wp:attachment":[{"href":"https:\/\/wassnergreengold.ch\/fr\/wp-json\/wp\/v2\/media?parent=511"}],"curies":[{"name":"wp","href":"https:\/\/api.w.org\/{rel}","templated":true}]}}