{"id":524,"date":"2019-08-27T12:05:51","date_gmt":"2019-08-27T10:05:51","guid":{"rendered":"http:\/\/wassner.tradino-agentur.de\/?page_id=524"},"modified":"2024-07-08T08:53:45","modified_gmt":"2024-07-08T06:53:45","slug":"a-propos-de-green-gold","status":"publish","type":"page","link":"https:\/\/wassnergreengold.ch\/fr\/a-propos-de-green-gold\/","title":{"rendered":"\u00c0 propos de Green Gold"},"content":{"rendered":"\n<style type=\"text\/css\" data-created_by=\"avia_inline_auto\" id=\"style-css-av-1r8xw-1bd4852c99e6703c412ed5ad22e77f2d\">\n.flex_column.av-1r8xw-1bd4852c99e6703c412ed5ad22e77f2d{\nborder-radius:0px 0px 0px 0px;\npadding:0px 0px 0px 0px;\n}\n<\/style>\n<div  class='flex_column av-1r8xw-1bd4852c99e6703c412ed5ad22e77f2d av_one_full  avia-builder-el-0  el_before_av_three_fifth  avia-builder-el-first  first flex_column_div av-zero-column-padding  '     ><style type=\"text\/css\" data-created_by=\"avia_inline_auto\" id=\"style-css-av-jzp6xwjl-86faa72915cb0082bc2982b40158e2cd\">\n.avia-image-container.av-jzp6xwjl-86faa72915cb0082bc2982b40158e2cd img.avia_image{\nbox-shadow:none;\n}\n.avia-image-container.av-jzp6xwjl-86faa72915cb0082bc2982b40158e2cd .av-image-caption-overlay-center{\ncolor:#ffffff;\n}\n<\/style>\n<div  class='avia-image-container av-jzp6xwjl-86faa72915cb0082bc2982b40158e2cd av-styling- avia-align-center  avia-builder-el-1  avia-builder-el-no-sibling '   itemprop=\"image\" itemscope=\"itemscope\" itemtype=\"https:\/\/schema.org\/ImageObject\" ><div class=\"avia-image-container-inner\"><div class=\"avia-image-overlay-wrap\"><img decoding=\"async\" fetchpriority=\"high\" class='wp-image-947 avia-img-lazy-loading-not-947 avia_image ' src=\"https:\/\/wassnergreengold.ch\/wp-content\/uploads\/2024\/06\/greengoldbild.jpg\" alt='' title='greengoldbild'  height=\"500\" width=\"1500\"  itemprop=\"thumbnailUrl\" srcset=\"https:\/\/wassnergreengold.ch\/wp-content\/uploads\/2024\/06\/greengoldbild.jpg 1500w, https:\/\/wassnergreengold.ch\/wp-content\/uploads\/2024\/06\/greengoldbild-300x100.jpg 300w, https:\/\/wassnergreengold.ch\/wp-content\/uploads\/2024\/06\/greengoldbild-1030x343.jpg 1030w, https:\/\/wassnergreengold.ch\/wp-content\/uploads\/2024\/06\/greengoldbild-768x256.jpg 768w, https:\/\/wassnergreengold.ch\/wp-content\/uploads\/2024\/06\/greengoldbild-705x235.jpg 705w\" sizes=\"(max-width: 1500px) 100vw, 1500px\" \/><\/div><\/div><\/div><\/div>\n\n<style type=\"text\/css\" data-created_by=\"avia_inline_auto\" id=\"style-css-av-a9zw-bfbc2a1ee0ff8dbe43cc71ce0e25e293\">\n.flex_column.av-a9zw-bfbc2a1ee0ff8dbe43cc71ce0e25e293{\nborder-radius:0px 0px 0px 0px;\npadding:0px 0px 0px 0px;\n}\n<\/style>\n<div  class='flex_column av-a9zw-bfbc2a1ee0ff8dbe43cc71ce0e25e293 av_three_fifth  avia-builder-el-2  el_after_av_one_full  el_before_av_two_fifth  first flex_column_div av-zero-column-padding  column-top-margin'     ><p>\n<style type=\"text\/css\" data-created_by=\"avia_inline_auto\" id=\"style-css-av-jzwf9cla-8c41d592de14d11dac13bd9c6f8abaaa\">\n#top .av-special-heading.av-jzwf9cla-8c41d592de14d11dac13bd9c6f8abaaa{\npadding-bottom:10px;\n}\nbody .av-special-heading.av-jzwf9cla-8c41d592de14d11dac13bd9c6f8abaaa .av-special-heading-tag .heading-char{\nfont-size:25px;\n}\n.av-special-heading.av-jzwf9cla-8c41d592de14d11dac13bd9c6f8abaaa .av-subheading{\nfont-size:15px;\n}\n<\/style>\n<div  class='av-special-heading av-jzwf9cla-8c41d592de14d11dac13bd9c6f8abaaa av-special-heading-h1 blockquote modern-quote  avia-builder-el-3  el_before_av_textblock  avia-builder-el-first '><h1 class='av-special-heading-tag '  itemprop=\"headline\"  >NOTRE LABEL GREEN GOLD BY WASSNER<\/h1><div class=\"special-heading-border\"><div class=\"special-heading-inner-border\"><\/div><\/div><\/div><br \/>\n<section  class='av_textblock_section av-jzmq9jod-0e50e50b356912fde7e3f53c667a89b0 '   itemscope=\"itemscope\" itemtype=\"https:\/\/schema.org\/CreativeWork\" ><div class='avia_textblock'  itemprop=\"text\" ><p>Green Gold by Wassner, c\u2019est le label que nous avons cr\u00e9\u00e9 en 2015. Les bijoux ainsi labellis\u00e9s sont compos\u00e9s d\u2019or certifi\u00e9 COC. Cette certification respecte les normes les plus \u00e9lev\u00e9es en termes de droits humains, de responsabilit\u00e9 sociale et d\u2019\u00e9cologie. Par ailleurs, notre or satisfait \u00e0 la norme \u00ab Conflict-Free Gold Standard \u00bb, c\u2019est-\u00e0-dire qu\u2019il ne soutient pas les parties bellig\u00e9rantes. <a href=\"https:\/\/www.responsiblejewellery.com\/chain-of-custody-certification\/\">La certification COC est d\u00e9livr\u00e9e par l\u2019association \u00ab\u00a0Responsible Jewellery Council (RJC)\u00a0\u00bb.<\/a><\/p>\n<\/div><\/section><br \/>\n\n<style type=\"text\/css\" data-created_by=\"avia_inline_auto\" id=\"style-css-av-jzp9aadd-17304e1ce0df022ecb2e012bff990778\">\n#top .hr.hr-invisible.av-jzp9aadd-17304e1ce0df022ecb2e012bff990778{\nheight:50px;\n}\n<\/style>\n<div  class='hr av-jzp9aadd-17304e1ce0df022ecb2e012bff990778 hr-invisible  avia-builder-el-5  el_after_av_textblock  el_before_av_heading '><span class='hr-inner '><span class=\"hr-inner-style\"><\/span><\/span><\/div><br \/>\n\n<style type=\"text\/css\" data-created_by=\"avia_inline_auto\" id=\"style-css-av-jzwfagf3-9af86c9ee44d09466c9b282cbec88658\">\n#top .av-special-heading.av-jzwfagf3-9af86c9ee44d09466c9b282cbec88658{\npadding-bottom:10px;\n}\nbody .av-special-heading.av-jzwfagf3-9af86c9ee44d09466c9b282cbec88658 .av-special-heading-tag .heading-char{\nfont-size:25px;\n}\n.av-special-heading.av-jzwfagf3-9af86c9ee44d09466c9b282cbec88658 .av-subheading{\nfont-size:15px;\n}\n<\/style>\n<div  class='av-special-heading av-jzwfagf3-9af86c9ee44d09466c9b282cbec88658 av-special-heading-h2 blockquote modern-quote  avia-builder-el-6  el_after_av_hr  el_before_av_iconlist '><h2 class='av-special-heading-tag '  itemprop=\"headline\"  >VOICI CE QUE NOUS GARANTISSONS AVEC GREEN GOLD BY WASSNER :<\/h2><div class=\"special-heading-border\"><div class=\"special-heading-inner-border\"><\/div><\/div><\/div><br \/>\n\n<style type=\"text\/css\" data-created_by=\"avia_inline_auto\" id=\"style-css-av-jzp98grz-1afc38d2a7eb6bfedb4af7502d16e8b7\">\n#top .avia-icon-list-container.av-jzp98grz-1afc38d2a7eb6bfedb4af7502d16e8b7 .iconlist_icon{\nbackground-color:#90989e;\n}\n#top #wrap_all .avia-icon-list-container.av-jzp98grz-1afc38d2a7eb6bfedb4af7502d16e8b7 .av_iconlist_title{\ncolor:#96ab00;\n}\n.avia-icon-list-container.av-jzp98grz-1afc38d2a7eb6bfedb4af7502d16e8b7 .iconlist_content{\ncolor:#90989e;\n}\n<\/style>\n<div  class='avia-icon-list-container av-jzp98grz-1afc38d2a7eb6bfedb4af7502d16e8b7  avia-builder-el-7  el_after_av_heading  avia-builder-el-last '><ul class='avia-icon-list avia_animate_when_almost_visible avia-icon-list-left av-iconlist-big av-jzp98grz-1afc38d2a7eb6bfedb4af7502d16e8b7 avia-iconlist-animate'>\n<li><div class='iconlist_icon av-mld9o-23638c8dc7509951920077ff2562d446 avia-font-entypo-fontello avia-iconfont avia-font-entypo-fontello'><span class='av-icon-char' data-av_icon='\ue80b' data-av_iconfont='entypo-fontello' aria-hidden=\"true\"><\/span><\/div><article class=\"article-icon-entry \"  itemscope=\"itemscope\" itemtype=\"https:\/\/schema.org\/CreativeWork\" ><div class=\"iconlist_content_wrap\"><header class=\"entry-content-header\" aria-label=\"Ic\u00f4ne : SOCIAL\"><h4 class='av_iconlist_title iconlist_title  av_inherit_color'  itemprop=\"headline\" >SOCIAL<\/h4><\/header><div class='iconlist_content av_inherit_color'  itemprop=\"text\" ><p>Respect des droits humains et responsabilit\u00e9 sociale<\/p>\n<\/div><\/div><footer class=\"entry-footer\"><\/footer><\/article><div class=\"iconlist-timeline\"><\/div><\/li>\n<li><div class='iconlist_icon av-gm2hw-1bf1f6f773b2e09a788ff386d6fb113b avia-font-entypo-fontello avia-iconfont avia-font-entypo-fontello'><span class='av-icon-char' data-av_icon='\ue8b8' data-av_iconfont='entypo-fontello' aria-hidden=\"true\"><\/span><\/div><article class=\"article-icon-entry \"  itemscope=\"itemscope\" itemtype=\"https:\/\/schema.org\/CreativeWork\" ><div class=\"iconlist_content_wrap\"><header class=\"entry-content-header\" aria-label=\"Ic\u00f4ne : Durable\"><h4 class='av_iconlist_title iconlist_title  av_inherit_color'  itemprop=\"headline\" >Durable<\/h4><\/header><div class='iconlist_content av_inherit_color'  itemprop=\"text\" ><p>Nous utilisons principalement de l&rsquo;or certifi\u00e9 COC d\u00e9j\u00e0 en circulation (or recycl\u00e9). L&rsquo;or ne provient des mines d&rsquo;or certifi\u00e9es COC que lorsqu&rsquo;il n&rsquo;y a pas suffisamment d&rsquo;or certifi\u00e9 COC recyclable sur le march\u00e9.<\/p>\n<\/div><\/div><footer class=\"entry-footer\"><\/footer><\/article><div class=\"iconlist-timeline\"><\/div><\/li>\n<li><div class='iconlist_icon av-bb7cs-5ed75378d48f0090330f7a1d7533365a avia-font-entypo-fontello avia-iconfont avia-font-entypo-fontello'><span class='av-icon-char' data-av_icon='\ue806' data-av_iconfont='entypo-fontello' aria-hidden=\"true\"><\/span><\/div><article class=\"article-icon-entry \"  itemscope=\"itemscope\" itemtype=\"https:\/\/schema.org\/CreativeWork\" ><div class=\"iconlist_content_wrap\"><header class=\"entry-content-header\" aria-label=\"Ic\u00f4ne : Responsable\"><h4 class='av_iconlist_title iconlist_title  av_inherit_color'  itemprop=\"headline\" >Responsable<\/h4><\/header><div class='iconlist_content av_inherit_color'  itemprop=\"text\" ><p>Respect du <a href=\"https:\/\/www.gold.org\/goldhub\/research\/what-conflict-free-gold-standard-video\">\u00ab\u00a0Conflict-Free Gold Standard\u00a0\u00bb<\/a><\/p>\n<\/div><\/div><footer class=\"entry-footer\"><\/footer><\/article><div class=\"iconlist-timeline\"><\/div><\/li>\n<\/ul><\/div><\/p><\/div>\n<style type=\"text\/css\" data-created_by=\"avia_inline_auto\" id=\"style-css-av-59tvw-a1290ee2193adb32291ada4a57b0c301\">\n.flex_column.av-59tvw-a1290ee2193adb32291ada4a57b0c301{\nborder-radius:0px 0px 0px 0px;\npadding:5px 15px 5px 15px;\nbackground-color:#96ab00;\n}\n<\/style>\n<div  class='flex_column av-59tvw-a1290ee2193adb32291ada4a57b0c301 av_two_fifth  avia-builder-el-8  el_after_av_three_fifth  el_before_av_section  avia-builder-el-last  flex_column_div  column-top-margin'     ><p>\n<style type=\"text\/css\" data-created_by=\"avia_inline_auto\" id=\"style-css-av-jztp5w63-267bed51d100d47d03ede868758e0544\">\n#top .av-special-heading.av-jztp5w63-267bed51d100d47d03ede868758e0544{\nmargin:0 0 0 0;\npadding-bottom:10px;\ncolor:#ffffff;\n}\nbody .av-special-heading.av-jztp5w63-267bed51d100d47d03ede868758e0544 .av-special-heading-tag .heading-char{\nfont-size:25px;\n}\n.av-special-heading.av-jztp5w63-267bed51d100d47d03ede868758e0544 .special-heading-inner-border{\nborder-color:#ffffff;\n}\n.av-special-heading.av-jztp5w63-267bed51d100d47d03ede868758e0544 .av-subheading{\nfont-size:15px;\n}\n<\/style>\n<div  class='av-special-heading av-jztp5w63-267bed51d100d47d03ede868758e0544 av-special-heading-h2 custom-color-heading blockquote modern-quote  avia-builder-el-9  el_before_av_textblock  avia-builder-el-first  av-linked-heading'><h2 class='av-special-heading-tag '  itemprop=\"headline\"  >Qu\u2019est-ce qu\u2019une certification COC ?<\/h2><div class=\"special-heading-border\"><div class=\"special-heading-inner-border\"><\/div><\/div><\/div><br \/>\n\n<style type=\"text\/css\" data-created_by=\"avia_inline_auto\" id=\"style-css-av-jzmo4283-aa0e223d07b9e82972561784987c002d\">\n#top .av_textblock_section.av-jzmo4283-aa0e223d07b9e82972561784987c002d .avia_textblock{\ncolor:#ffffff;\n}\n<\/style>\n<section  class='av_textblock_section av-jzmo4283-aa0e223d07b9e82972561784987c002d '   itemscope=\"itemscope\" itemtype=\"https:\/\/schema.org\/CreativeWork\" ><div class='avia_textblock av_inherit_color'  itemprop=\"text\" ><p>En toutes lettres, COC s\u2019\u00e9crit \u00ab\u00a0Chain of Custody\u00a0\u00bb, c\u2019est-\u00e0-dire \u00ab\u00a0Cha\u00eene de cr\u00e9ation de valeur\u00a0\u00bb. La certification examine et certifie chacune des \u00e9tapes de cette cha\u00eene de cr\u00e9ation de valeur, de l\u2019exploitation aurif\u00e8re, au c\u0153ur de la mine, jusqu\u2019\u00e0 l\u2019or fin mis en \u0153uvre pour la fabrication de bijoux. Ainsi, il est possible de remonter jusqu\u2019\u00e0 l\u2019origine de cet or. La certification est d\u00e9livr\u00e9e par <a href=\"https:\/\/www.responsiblejewellery.com\/\">le RJC<\/a>, une association internationale de la branche des bijoux en or qui s\u2019engage \u00e0 respecter des normes responsables en vigueur dans le secteur de l\u2019or et de la joaillerie.<\/p>\n<\/div><\/section><\/p><\/div><\/p>\n<\/div><\/div><\/div><!-- close content main div --><\/div><\/div><div id='av_section_1'  class='avia-section av-jzmn2tud-1846c81a07c7486166bfc15806551ad1 main_color avia-section-default avia-no-border-styling  avia-builder-el-11  el_after_av_two_fifth  avia-builder-el-last  avia-bg-style-scroll container_wrap sidebar_right'  ><div class='container av-section-cont-open' ><div class='template-page content  av-content-small alpha units'><div class='post-entry post-entry-type-page post-entry-524'><div class='entry-content-wrapper clearfix'>\n<div  class='hr av-lxspz4xm-ed99859d0f971890bd46d0d85fc7d2c7 hr-default  avia-builder-el-12  el_before_av_three_fifth  avia-builder-el-first '><span class='hr-inner '><span class=\"hr-inner-style\"><\/span><\/span><\/div>\n\n<style type=\"text\/css\" data-created_by=\"avia_inline_auto\" id=\"style-css-av-rwn4-17354d65fc6824066b54c52cc50cab9e\">\n.flex_column.av-rwn4-17354d65fc6824066b54c52cc50cab9e{\nborder-radius:0px 0px 0px 0px;\npadding:0px 0px 0px 0px;\n}\n<\/style>\n<div  class='flex_column av-rwn4-17354d65fc6824066b54c52cc50cab9e av_three_fifth  avia-builder-el-13  el_after_av_hr  el_before_av_two_fifth  first flex_column_div av-zero-column-padding  '     ><p>\n<style type=\"text\/css\" data-created_by=\"avia_inline_auto\" id=\"style-css-av-x6ipw-9560e880087bcce3d9079e39e124568f\">\n#top .av-special-heading.av-x6ipw-9560e880087bcce3d9079e39e124568f{\npadding-bottom:10px;\n}\nbody .av-special-heading.av-x6ipw-9560e880087bcce3d9079e39e124568f .av-special-heading-tag .heading-char{\nfont-size:25px;\n}\n.av-special-heading.av-x6ipw-9560e880087bcce3d9079e39e124568f .av-subheading{\nfont-size:15px;\n}\n<\/style>\n<div  class='av-special-heading av-x6ipw-9560e880087bcce3d9079e39e124568f av-special-heading-h2 blockquote modern-quote  avia-builder-el-14  el_before_av_textblock  avia-builder-el-first  av-linked-heading'><h2 class='av-special-heading-tag '  itemprop=\"headline\"  >Voici comment votre bijou Green Gold est cr\u00e9\u00e9<\/h2><div class=\"special-heading-border\"><div class=\"special-heading-inner-border\"><\/div><\/div><\/div><br \/>\n<section  class='av_textblock_section av-jzmmyi69-33aeac938c93f95dc73d2e282a74c8bd '   itemscope=\"itemscope\" itemtype=\"https:\/\/schema.org\/CreativeWork\" ><div class='avia_textblock'  itemprop=\"text\" ><p>Les pi\u00e8ces de joaillerie en or sont un investissement destin\u00e9 \u00e0 vous procurer de la joie, pour longtemps. Aussi, il est essentiel pour nous que l\u2019or provienne de sources responsables et soit exploit\u00e9 de fa\u00e7on \u00e9quitable. Nos bijoux arborant le label Green Gold by Wassner r\u00e9pondent pr\u00e9cis\u00e9ment \u00e0 tous ces crit\u00e8res.<\/p>\n<p>Ils sont certifi\u00e9s COC tout au long de la cha\u00eene de cr\u00e9ation de valeur. Le certificat COC regroupe diff\u00e9rentes normes, notamment le respect des droits humains, de la responsabilit\u00e9 sociale et des normes environnementales.<\/p>\n<\/div><\/section><\/p><\/div>\n<style type=\"text\/css\" data-created_by=\"avia_inline_auto\" id=\"style-css-av-ghzs-b2570d3e7f29f86fbc0f083cd8651a5b\">\n.flex_column.av-ghzs-b2570d3e7f29f86fbc0f083cd8651a5b{\nborder-radius:0px 0px 0px 0px;\npadding:0px 0px 0px 0px;\n}\n<\/style>\n<div  class='flex_column av-ghzs-b2570d3e7f29f86fbc0f083cd8651a5b av_two_fifth  avia-builder-el-16  el_after_av_three_fifth  avia-builder-el-last  flex_column_div av-zero-column-padding  '     ><style type=\"text\/css\" data-created_by=\"avia_inline_auto\" id=\"style-css-sub-av-jzmmm5ym-7f328040850334235ef3d947f09ef5fb\">\n.av-hotspot-image-container .av-image-hotspot.av-s007o-ce7654fc4588181df8f2f8a37f28e5f6{\ntop:10.5%;\nleft:4.4%;\n}\n.av-hotspot-image-container .av-image-hotspot.av-s007o-ce7654fc4588181df8f2f8a37f28e5f6 .av-image-hotspot_inner{\nbackground-color:#96ab00;\ncolor:#ffffff;\n}\n.av-hotspot-image-container .av-image-hotspot.av-s007o-ce7654fc4588181df8f2f8a37f28e5f6 .av-image-hotspot-pulse{\nbackground-color:#888888;\n}\n.av-hotspot-image-container .av-image-hotspot.av-ne2g4-54b4a93a668d94104a64a08cdc0e8529{\ntop:10.5%;\nleft:58.2%;\n}\n.av-hotspot-image-container .av-image-hotspot.av-ne2g4-54b4a93a668d94104a64a08cdc0e8529 .av-image-hotspot_inner{\nbackground-color:#96ab00;\ncolor:#ffffff;\n}\n.av-hotspot-image-container .av-image-hotspot.av-ne2g4-54b4a93a668d94104a64a08cdc0e8529 .av-image-hotspot-pulse{\nbackground-color:#888888;\n}\n.av-hotspot-image-container .av-image-hotspot.av-t12bg-a393a7ab0bbf75f3c587ad36e951db65{\ntop:38.3%;\nleft:93.5%;\n}\n.av-hotspot-image-container .av-image-hotspot.av-t12bg-a393a7ab0bbf75f3c587ad36e951db65 .av-image-hotspot_inner{\nbackground-color:#96ab00;\ncolor:#ffffff;\n}\n.av-hotspot-image-container .av-image-hotspot.av-t12bg-a393a7ab0bbf75f3c587ad36e951db65 .av-image-hotspot-pulse{\nbackground-color:#888888;\n}\n.av-hotspot-image-container .av-image-hotspot.av-kawwk-7c462607ff9b2aef6b482961cdf5e732{\ntop:90.2%;\nleft:74.5%;\n}\n.av-hotspot-image-container .av-image-hotspot.av-kawwk-7c462607ff9b2aef6b482961cdf5e732 .av-image-hotspot_inner{\nbackground-color:#96ab00;\ncolor:#ffffff;\n}\n.av-hotspot-image-container .av-image-hotspot.av-kawwk-7c462607ff9b2aef6b482961cdf5e732 .av-image-hotspot-pulse{\nbackground-color:#888888;\n}\n.av-hotspot-image-container .av-image-hotspot.av-fjw9o-2e2ee187e344e4a94d6b228311f3b778{\ntop:90%;\nleft:9.1%;\n}\n.av-hotspot-image-container .av-image-hotspot.av-fjw9o-2e2ee187e344e4a94d6b228311f3b778 .av-image-hotspot_inner{\nbackground-color:#96ab00;\ncolor:#ffffff;\n}\n.av-hotspot-image-container .av-image-hotspot.av-fjw9o-2e2ee187e344e4a94d6b228311f3b778 .av-image-hotspot-pulse{\nbackground-color:#888888;\n}\n.av-hotspot-image-container .av-image-hotspot.av-bm1sc-b2dbe79ffe142029bbefa1802e8dce54{\ntop:52.5%;\nleft:4.1%;\n}\n.av-hotspot-image-container .av-image-hotspot.av-bm1sc-b2dbe79ffe142029bbefa1802e8dce54 .av-image-hotspot_inner{\nbackground-color:#96ab00;\ncolor:#ffffff;\n}\n.av-hotspot-image-container .av-image-hotspot.av-bm1sc-b2dbe79ffe142029bbefa1802e8dce54 .av-image-hotspot-pulse{\nbackground-color:#888888;\n}\n<\/style>\n<div  class='av-hotspot-image-container av-jzmmm5ym-7f328040850334235ef3d947f09ef5fb  avia-builder-el-17  avia-builder-el-no-sibling  av-hotspot-numbered av-mobile-fallback-active  av-non-fullwidth-hotspot-image'  itemprop=\"image\" itemscope=\"itemscope\" itemtype=\"https:\/\/schema.org\/ImageObject\" ><div class='av-hotspot-container'><div class='av-hotspot-container-inner-cell'><div class='av-hotspot-container-inner-wrap'><div class='av-image-hotspot av-s007o-ce7654fc4588181df8f2f8a37f28e5f6 av-image-hotspot-1 ' data-avia-tooltip-position='top' data-avia-tooltip-alignment='left' data-avia-tooltip-class='av-tt-default-width av-tt-pos-above av-tt-align-left  av-mobile-fallback-active  main_color av-tt-hotspot' data-avia-tooltip='&lt;p&gt;Dans un souci de respect de l\u2018environnement, nous utilisons principalement de l\u2019or certifi\u00e9 COC d\u00e9j\u00e0 en circulation.&lt;\/p&gt;\n'><div class='av-image-hotspot_inner'>1<\/div><div class='av-image-hotspot-pulse'><\/div><\/div><div class='av-image-hotspot av-ne2g4-54b4a93a668d94104a64a08cdc0e8529 av-image-hotspot-2 ' data-avia-tooltip-position='top' data-avia-tooltip-alignment='left' data-avia-tooltip-class='av-tt-default-width av-tt-pos-above av-tt-align-left  av-mobile-fallback-active  main_color av-tt-hotspot' data-avia-tooltip='&lt;p&gt;L\u2018or ne provient de mines d\u2018or certifi\u00e9es que lorsqu\u2019il n\u2019y a pas suffisamment d\u2019or certifi\u00e9 COC sur le march\u00e9.&lt;\/p&gt;\n'><div class='av-image-hotspot_inner'>2<\/div><div class='av-image-hotspot-pulse'><\/div><\/div><div class='av-image-hotspot av-t12bg-a393a7ab0bbf75f3c587ad36e951db65 av-image-hotspot-3 ' data-avia-tooltip-position='top' data-avia-tooltip-alignment='left' data-avia-tooltip-class='av-tt-default-width av-tt-pos-above av-tt-align-left  av-mobile-fallback-active  main_color av-tt-hotspot' data-avia-tooltip='&lt;p&gt;L&rsquo;or fin est coul\u00e9 en lingots certifi\u00e9s, qui obtiennent un num\u00e9ro individuel.&lt;\/p&gt;\n'><div class='av-image-hotspot_inner'>3<\/div><div class='av-image-hotspot-pulse'><\/div><\/div><div class='av-image-hotspot av-kawwk-7c462607ff9b2aef6b482961cdf5e732 av-image-hotspot-4 ' data-avia-tooltip-position='top' data-avia-tooltip-alignment='left' data-avia-tooltip-class='av-tt-default-width av-tt-pos-above av-tt-align-left  av-mobile-fallback-active  main_color av-tt-hotspot' data-avia-tooltip='&lt;p&gt;Votre bijou est confectionn\u00e9 \u00e0 partir des lingots d&rsquo;or num\u00e9rot\u00e9s.&lt;\/p&gt;\n'><div class='av-image-hotspot_inner'>4<\/div><div class='av-image-hotspot-pulse'><\/div><\/div><div class='av-image-hotspot av-fjw9o-2e2ee187e344e4a94d6b228311f3b778 av-image-hotspot-5 ' data-avia-tooltip-position='top' data-avia-tooltip-alignment='left' data-avia-tooltip-class='av-tt-default-width av-tt-pos-above av-tt-align-left  av-mobile-fallback-active  main_color av-tt-hotspot' data-avia-tooltip='&lt;p&gt;Il est pourvu d&rsquo;une \u00e9tiquette correspondante.&lt;\/p&gt;\n'><div class='av-image-hotspot_inner'>5<\/div><div class='av-image-hotspot-pulse'><\/div><\/div><div class='av-image-hotspot av-bm1sc-b2dbe79ffe142029bbefa1802e8dce54 av-image-hotspot-6 ' data-avia-tooltip-position='top' data-avia-tooltip-alignment='left' data-avia-tooltip-class='av-tt-default-width av-tt-pos-above av-tt-align-left  av-mobile-fallback-active  main_color av-tt-hotspot' data-avia-tooltip='&lt;p&gt;Votre bijou certifi\u00e9 Green Gold by Wassner n&rsquo;est disponible que dans le commerce sp\u00e9cialis\u00e9 suisse.&lt;\/p&gt;\n'><div class='av-image-hotspot_inner'>6<\/div><div class='av-image-hotspot-pulse'><\/div><\/div><img decoding=\"async\" fetchpriority=\"high\" class='wp-image-714 avia-img-lazy-loading-not-714 avia_image' src=\"https:\/\/wassnergreengold.ch\/wp-content\/uploads\/2020\/10\/origine_greengoldbywassner-249x300.jpg\" alt='origine green gold by wassner' title='origine_greengoldbywassner'  height=\"300\" width=\"249\"  itemprop=\"thumbnailUrl\" srcset=\"https:\/\/wassnergreengold.ch\/wp-content\/uploads\/2020\/10\/origine_greengoldbywassner-249x300.jpg 249w, https:\/\/wassnergreengold.ch\/wp-content\/uploads\/2020\/10\/origine_greengoldbywassner-856x1030.jpg 856w, https:\/\/wassnergreengold.ch\/wp-content\/uploads\/2020\/10\/origine_greengoldbywassner-768x924.jpg 768w, https:\/\/wassnergreengold.ch\/wp-content\/uploads\/2020\/10\/origine_greengoldbywassner-1277x1536.jpg 1277w, https:\/\/wassnergreengold.ch\/wp-content\/uploads\/2020\/10\/origine_greengoldbywassner-1247x1500.jpg 1247w, https:\/\/wassnergreengold.ch\/wp-content\/uploads\/2020\/10\/origine_greengoldbywassner-586x705.jpg 586w, https:\/\/wassnergreengold.ch\/wp-content\/uploads\/2020\/10\/origine_greengoldbywassner.jpg 1465w\" sizes=\"(max-width: 249px) 100vw, 249px\" \/><\/div><\/div><\/div><div class='av-hotspot-fallback-tooltip av-image-hotspot-1 '><div class=\"av-hotspot-fallback-tooltip-count\">1<div class=\"avia-arrow\"><\/div><\/div><div class=\"av-hotspot-fallback-tooltip-inner clearfix\"><p>\nDans un souci de respect de l\u2018environnement, nous utilisons principalement de l\u2019or certifi\u00e9 COC d\u00e9j\u00e0 en circulation.<\/p>\n<\/div><\/div><div class='av-hotspot-fallback-tooltip av-image-hotspot-2 '><div class=\"av-hotspot-fallback-tooltip-count\">2<div class=\"avia-arrow\"><\/div><\/div><div class=\"av-hotspot-fallback-tooltip-inner clearfix\"><p>\nL\u2018or ne provient de mines d\u2018or certifi\u00e9es que lorsqu\u2019il n\u2019y a pas suffisamment d\u2019or certifi\u00e9 COC sur le march\u00e9.<\/p>\n<\/div><\/div><div class='av-hotspot-fallback-tooltip av-image-hotspot-3 '><div class=\"av-hotspot-fallback-tooltip-count\">3<div class=\"avia-arrow\"><\/div><\/div><div class=\"av-hotspot-fallback-tooltip-inner clearfix\"><p>\nL&rsquo;or fin est coul\u00e9 en lingots certifi\u00e9s, qui obtiennent un num\u00e9ro individuel.<\/p>\n<\/div><\/div><div class='av-hotspot-fallback-tooltip av-image-hotspot-4 '><div class=\"av-hotspot-fallback-tooltip-count\">4<div class=\"avia-arrow\"><\/div><\/div><div class=\"av-hotspot-fallback-tooltip-inner clearfix\"><p>\nVotre bijou est confectionn\u00e9 \u00e0 partir des lingots d&rsquo;or num\u00e9rot\u00e9s.<\/p>\n<\/div><\/div><div class='av-hotspot-fallback-tooltip av-image-hotspot-5 '><div class=\"av-hotspot-fallback-tooltip-count\">5<div class=\"avia-arrow\"><\/div><\/div><div class=\"av-hotspot-fallback-tooltip-inner clearfix\"><p>\nIl est pourvu d&rsquo;une \u00e9tiquette correspondante.<\/p>\n<\/div><\/div><div class='av-hotspot-fallback-tooltip av-image-hotspot-6 '><div class=\"av-hotspot-fallback-tooltip-count\">6<div class=\"avia-arrow\"><\/div><\/div><div class=\"av-hotspot-fallback-tooltip-inner clearfix\"><p>\nVotre bijou certifi\u00e9 Green Gold by Wassner n&rsquo;est disponible que dans le commerce sp\u00e9cialis\u00e9 suisse.<\/p>\n<\/div><\/div><\/div><\/div>\n<\/div><\/div><\/div><!-- close content main div --><\/div><\/div><div id='after_section_1'  class='main_color av_default_container_wrap container_wrap sidebar_right'  ><div class='container av-section-cont-open' ><div class='template-page content  av-content-small alpha units'><div class='post-entry post-entry-type-page post-entry-524'><div class='entry-content-wrapper clearfix'>\n","protected":false},"excerpt":{"rendered":"","protected":false},"author":2,"featured_media":0,"parent":0,"menu_order":0,"comment_status":"closed","ping_status":"closed","template":"","meta":{"footnotes":""},"class_list":["post-524","page","type-page","status-publish","hentry"],"_links":{"self":[{"href":"https:\/\/wassnergreengold.ch\/fr\/wp-json\/wp\/v2\/pages\/524","targetHints":{"allow":["GET"]}}],"collection":[{"href":"https:\/\/wassnergreengold.ch\/fr\/wp-json\/wp\/v2\/pages"}],"about":[{"href":"https:\/\/wassnergreengold.ch\/fr\/wp-json\/wp\/v2\/types\/page"}],"author":[{"embeddable":true,"href":"https:\/\/wassnergreengold.ch\/fr\/wp-json\/wp\/v2\/users\/2"}],"replies":[{"embeddable":true,"href":"https:\/\/wassnergreengold.ch\/fr\/wp-json\/wp\/v2\/comments?post=524"}],"version-history":[{"count":21,"href":"https:\/\/wassnergreengold.ch\/fr\/wp-json\/wp\/v2\/pages\/524\/revisions"}],"predecessor-version":[{"id":986,"href":"https:\/\/wassnergreengold.ch\/fr\/wp-json\/wp\/v2\/pages\/524\/revisions\/986"}],"wp:attachment":[{"href":"https:\/\/wassnergreengold.ch\/fr\/wp-json\/wp\/v2\/media?parent=524"}],"curies":[{"name":"wp","href":"https:\/\/api.w.org\/{rel}","templated":true}]}}