{"id":530,"date":"2019-08-27T12:06:28","date_gmt":"2019-08-27T10:06:28","guid":{"rendered":"http:\/\/wassner.tradino-agentur.de\/?page_id=530"},"modified":"2024-06-24T10:57:35","modified_gmt":"2024-06-24T08:57:35","slug":"a-notre-propos","status":"publish","type":"page","link":"https:\/\/wassnergreengold.ch\/fr\/a-notre-propos\/","title":{"rendered":"\u00c0 notre propos"},"content":{"rendered":"\n<style type=\"text\/css\" data-created_by=\"avia_inline_auto\" id=\"style-css-av-1n5yc-c8ff540611a0d6095853eef7b55e64dd\">\n.flex_column.av-1n5yc-c8ff540611a0d6095853eef7b55e64dd{\nborder-radius:0px 0px 0px 0px;\npadding:0px 0px 0px 0px;\n}\n<\/style>\n<div  class='flex_column av-1n5yc-c8ff540611a0d6095853eef7b55e64dd av_one_full  avia-builder-el-0  el_before_av_three_fifth  avia-builder-el-first  first flex_column_div av-zero-column-padding  '     ><style type=\"text\/css\" data-created_by=\"avia_inline_auto\" id=\"style-css-av-jzs08l2i-57160d96aa648a4840f0a3d06997e7cb\">\n.avia-image-container.av-jzs08l2i-57160d96aa648a4840f0a3d06997e7cb img.avia_image{\nbox-shadow:none;\n}\n.avia-image-container.av-jzs08l2i-57160d96aa648a4840f0a3d06997e7cb .av-image-caption-overlay-center{\ncolor:#ffffff;\n}\n<\/style>\n<div  class='avia-image-container av-jzs08l2i-57160d96aa648a4840f0a3d06997e7cb av-styling- avia-align-center  avia-builder-el-1  avia-builder-el-no-sibling '   itemprop=\"image\" itemscope=\"itemscope\" itemtype=\"https:\/\/schema.org\/ImageObject\" ><div class=\"avia-image-container-inner\"><div class=\"avia-image-overlay-wrap\"><img decoding=\"async\" fetchpriority=\"high\" class='wp-image-936 avia-img-lazy-loading-not-936 avia_image ' src=\"https:\/\/wassnergreengold.ch\/wp-content\/uploads\/2024\/06\/wassnergreengoldprodukte-1.jpg\" alt='' title='wassnergreengoldprodukte'  height=\"500\" width=\"1500\"  itemprop=\"thumbnailUrl\" srcset=\"https:\/\/wassnergreengold.ch\/wp-content\/uploads\/2024\/06\/wassnergreengoldprodukte-1.jpg 1500w, https:\/\/wassnergreengold.ch\/wp-content\/uploads\/2024\/06\/wassnergreengoldprodukte-1-300x100.jpg 300w, https:\/\/wassnergreengold.ch\/wp-content\/uploads\/2024\/06\/wassnergreengoldprodukte-1-1030x343.jpg 1030w, https:\/\/wassnergreengold.ch\/wp-content\/uploads\/2024\/06\/wassnergreengoldprodukte-1-768x256.jpg 768w, https:\/\/wassnergreengold.ch\/wp-content\/uploads\/2024\/06\/wassnergreengoldprodukte-1-705x235.jpg 705w\" sizes=\"(max-width: 1500px) 100vw, 1500px\" \/><\/div><\/div><\/div><\/div>\n<div  class='flex_column av-cp2vu-7aa19f4a891eb705b780ffe67b23a7a2 av_three_fifth  avia-builder-el-2  el_after_av_one_full  el_before_av_two_fifth  first flex_column_div  column-top-margin'     ><p>\n<style type=\"text\/css\" data-created_by=\"avia_inline_auto\" id=\"style-css-av-b6j5e-d7525f85639c1dc0979d48c25b4654c2\">\n#top .av-special-heading.av-b6j5e-d7525f85639c1dc0979d48c25b4654c2{\npadding-bottom:0;\n}\nbody .av-special-heading.av-b6j5e-d7525f85639c1dc0979d48c25b4654c2 .av-special-heading-tag .heading-char{\nfont-size:25px;\n}\n.av-special-heading.av-b6j5e-d7525f85639c1dc0979d48c25b4654c2 .av-subheading{\nfont-size:15px;\n}\n<\/style>\n<div  class='av-special-heading av-b6j5e-d7525f85639c1dc0979d48c25b4654c2 av-special-heading-h1 blockquote modern-quote  avia-builder-el-3  el_before_av_textblock  avia-builder-el-first '><h1 class='av-special-heading-tag '  itemprop=\"headline\"  >WASSNER &#8211; PURE EMOTIONS, PURE GOLD<\/h1><div class=\"special-heading-border\"><div class=\"special-heading-inner-border\"><\/div><\/div><\/div><br \/>\n<section  class='av_textblock_section av-jz141bdi-a50431ce49b3f6b20b010bed92d8c7cb '   itemscope=\"itemscope\" itemtype=\"https:\/\/schema.org\/CreativeWork\" ><div class='avia_textblock av_inherit_color'  itemprop=\"text\" ><p>Depuis 1906, nous sommes le partenaire de bijouteries et d\u2019orf\u00e8vreries dans toute la Suisse et leur fournissons des bijoux en or d\u2019une qualit\u00e9 irr\u00e9prochable.<\/p>\n<p>Nous vendons des colliers, des bracelets, des boucles d\u2019oreilles, des pendentifs et des bagues. Nos bijoux sont de tr\u00e8s bonne qualit\u00e9 et sont un investissement dans l\u2019avenir avec leur \u00e9clat dor\u00e9 et leur design classique.<\/p>\n<\/div><\/section><br \/>\n<section  class='av_textblock_section av-jz141bdi-3-8922a86fcbd909221cad35c5135b24ce '   itemscope=\"itemscope\" itemtype=\"https:\/\/schema.org\/CreativeWork\" ><div class='avia_textblock av_inherit_color'  itemprop=\"text\" ><p>Notre tradition remonte \u00e0 quatre g\u00e9n\u00e9rations, mais nos ambitions regardent vers demain\u00a0: <strong>nous misons tout sur l\u2019or durable.<\/strong> C\u2019est la raison pour laquelle nous avons cr\u00e9\u00e9 d\u00e8s 2015 le label Green Gold by Wassner qui s\u2019appuie sur les normes les plus \u00e9lev\u00e9es en termes de responsabilit\u00e9 sociale, d\u2019impact environnemental et de respect de normes \u00e9thiques tout au long de la cha\u00eene de cr\u00e9ation de valeur. Certes, cela fait de notre entreprise un pr\u00e9curseur de la branche, mais notre ambition est aussi de vendre nos bijoux en or avec succ\u00e8s au cours des cent ans \u00e0 venir.<\/p>\n<\/div><\/section><\/p><\/div>\n\n<style type=\"text\/css\" data-created_by=\"avia_inline_auto\" id=\"style-css-av-1l79w-2-a59ee086ea4a2fb55eee6eca1f8bbc97\">\n.flex_column.av-1l79w-2-a59ee086ea4a2fb55eee6eca1f8bbc97{\nborder-radius:0px 0px 0px 0px;\npadding:10px 15px 10px 15px;\nbackground-color:#96ab00;\n}\n<\/style>\n<div  class='flex_column av-1l79w-2-a59ee086ea4a2fb55eee6eca1f8bbc97 av_two_fifth  avia-builder-el-6  el_after_av_three_fifth  el_before_av_hr  flex_column_div  column-top-margin'     ><p>\n<style type=\"text\/css\" data-created_by=\"avia_inline_auto\" id=\"style-css-av-a4wze-ed9f465ece7a5d20e4feabdea5d80eff\">\n#top .av-special-heading.av-a4wze-ed9f465ece7a5d20e4feabdea5d80eff{\npadding-bottom:0;\ncolor:#ffffff;\n}\nbody .av-special-heading.av-a4wze-ed9f465ece7a5d20e4feabdea5d80eff .av-special-heading-tag .heading-char{\nfont-size:25px;\n}\n.av-special-heading.av-a4wze-ed9f465ece7a5d20e4feabdea5d80eff .special-heading-inner-border{\nborder-color:#ffffff;\n}\n.av-special-heading.av-a4wze-ed9f465ece7a5d20e4feabdea5d80eff .av-subheading{\nfont-size:15px;\n}\n<\/style>\n<div  class='av-special-heading av-a4wze-ed9f465ece7a5d20e4feabdea5d80eff av-special-heading-h1 custom-color-heading blockquote modern-quote  avia-builder-el-7  el_before_av_textblock  avia-builder-el-first  av-linked-heading'><h1 class='av-special-heading-tag '  itemprop=\"headline\"  >O\u00f9 acheter nos bijoux ?<\/h1><div class=\"special-heading-border\"><div class=\"special-heading-inner-border\"><\/div><\/div><\/div><br \/>\n\n<style type=\"text\/css\" data-created_by=\"avia_inline_auto\" id=\"style-css-av-jzjp280u-1-ef8bfbc84f8bc405c6281b958655e7d1\">\n#top .av_textblock_section.av-jzjp280u-1-ef8bfbc84f8bc405c6281b958655e7d1 .avia_textblock{\ncolor:#ffffff;\n}\n<\/style>\n<section  class='av_textblock_section av-jzjp280u-1-ef8bfbc84f8bc405c6281b958655e7d1 '   itemscope=\"itemscope\" itemtype=\"https:\/\/schema.org\/CreativeWork\" ><div class='avia_textblock av_inherit_color'  itemprop=\"text\" ><p>Nos pi\u00e8ces de joaillerie sont disponibles dans le commerce sp\u00e9cialis\u00e9, \u00e0 travers toute la Suisse. Il vous suffit de vous renseigner sur le label Green Gold by Wassner aupr\u00e8s de votre bijoutier ou de votre joaillier. Nous livrons rapidement et en toute fiabilit\u00e9. Dans la mesure des stocks disponibles, le bijou est livr\u00e9 le jour prochain dans votre boutique de confiance.<\/p>\n<p><a href=\"https:\/\/www.wassner.ch\/F\/revendeurs.htm\">D\u00e9couvrez la route la plus vite vers votre revendeur.<\/a><\/p>\n<\/div><\/section><\/p><\/div>\n<div  class='hr av-jzpaw6lu-5-9fe8bda1e8dac485e33c88c0d57a3858 hr-default  avia-builder-el-9  el_after_av_two_fifth  el_before_av_three_fifth '><span class='hr-inner '><span class=\"hr-inner-style\"><\/span><\/span><\/div>\n\n<style type=\"text\/css\" data-created_by=\"avia_inline_auto\" id=\"style-css-av-1l79w-21dfe451184d019c6561928533c94b4c\">\n.flex_column.av-1l79w-21dfe451184d019c6561928533c94b4c{\nborder-radius:0px 0px 0px 0px;\npadding:0px 0px 0px 0px;\n}\n<\/style>\n<div  class='flex_column av-1l79w-21dfe451184d019c6561928533c94b4c av_three_fifth  avia-builder-el-10  el_after_av_hr  el_before_av_two_fifth  first flex_column_div av-zero-column-padding  '     ><style type=\"text\/css\" data-created_by=\"avia_inline_auto\" id=\"style-css-av-jzpb3ann-9ec92b18d853b1d13ec62460a2e2c40a\">\n.avia-image-container.av-jzpb3ann-9ec92b18d853b1d13ec62460a2e2c40a img.avia_image{\nbox-shadow:none;\n}\n.avia-image-container.av-jzpb3ann-9ec92b18d853b1d13ec62460a2e2c40a .av-image-caption-overlay-center{\ncolor:#ffffff;\n}\n<\/style>\n<div  class='avia-image-container av-jzpb3ann-9ec92b18d853b1d13ec62460a2e2c40a av-styling- avia-align-center  avia-builder-el-11  avia-builder-el-no-sibling '   itemprop=\"image\" itemscope=\"itemscope\" itemtype=\"https:\/\/schema.org\/ImageObject\" ><div class=\"avia-image-container-inner\"><div class=\"avia-image-overlay-wrap\"><img decoding=\"async\" fetchpriority=\"high\" class='wp-image-265 avia-img-lazy-loading-not-265 avia_image ' src=\"https:\/\/wassnergreengold.ch\/wp-content\/uploads\/2019\/08\/greengold_schmuck-1030x515.jpg\" alt='Colliers en or durable et equitable' title='Colliers Green Gold by Wassner'  height=\"515\" width=\"1030\"  itemprop=\"thumbnailUrl\" srcset=\"https:\/\/wassnergreengold.ch\/wp-content\/uploads\/2019\/08\/greengold_schmuck-1030x515.jpg 1030w, https:\/\/wassnergreengold.ch\/wp-content\/uploads\/2019\/08\/greengold_schmuck-300x150.jpg 300w, https:\/\/wassnergreengold.ch\/wp-content\/uploads\/2019\/08\/greengold_schmuck-768x384.jpg 768w, https:\/\/wassnergreengold.ch\/wp-content\/uploads\/2019\/08\/greengold_schmuck-705x353.jpg 705w, https:\/\/wassnergreengold.ch\/wp-content\/uploads\/2019\/08\/greengold_schmuck-450x225.jpg 450w, https:\/\/wassnergreengold.ch\/wp-content\/uploads\/2019\/08\/greengold_schmuck.jpg 1300w\" sizes=\"(max-width: 1030px) 100vw, 1030px\" \/><\/div><\/div><\/div><\/div>\n<div  class='flex_column av-b1x96-592366f70572d344eca613c075cc9f39 av_two_fifth  avia-builder-el-12  el_after_av_three_fifth  avia-builder-el-last  flex_column_div  '     ><p>\n<style type=\"text\/css\" data-created_by=\"avia_inline_auto\" id=\"style-css-av-ao20y-79e5d8835db64a276c55d5993f31b425\">\n#top .av-special-heading.av-ao20y-79e5d8835db64a276c55d5993f31b425{\npadding-bottom:0;\n}\nbody .av-special-heading.av-ao20y-79e5d8835db64a276c55d5993f31b425 .av-special-heading-tag .heading-char{\nfont-size:25px;\n}\n.av-special-heading.av-ao20y-79e5d8835db64a276c55d5993f31b425 .av-subheading{\nfont-size:15px;\n}\n<\/style>\n<div  class='av-special-heading av-ao20y-79e5d8835db64a276c55d5993f31b425 av-special-heading-h1 blockquote modern-quote  avia-builder-el-13  el_before_av_textblock  avia-builder-el-first '><h1 class='av-special-heading-tag '  itemprop=\"headline\"  >Notre assortiment<\/h1><div class=\"special-heading-border\"><div class=\"special-heading-inner-border\"><\/div><\/div><\/div><br \/>\n<section  class='av_textblock_section av-jzjp280u-94a9693af4c495d8aec8f08402a24484 '   itemscope=\"itemscope\" itemtype=\"https:\/\/schema.org\/CreativeWork\" ><div class='avia_textblock'  itemprop=\"text\" ><p>Nos pi\u00e8ces favorites sont les colliers et les bracelets. Nous les proposons en diff\u00e9rentes longueurs et \u00e9paisseurs. En qualit\u00e9 d\u2019entreprise familiale, nous pensons aussi aux g\u00e9n\u00e9rations futures. C\u2019est pourquoi notre assortiment pr\u00e9sente un large choix de bracelets pour b\u00e9b\u00e9s et de bijoux pour enfants. Chez nous, vous trouverez \u00e9galement des boucles d\u2019oreilles, pendentifs et bagues modernes 9, 14 et 18 carats, le tout dans les couleurs comme or jaune, or blanc et or rouge, sertis ou non de pierres pr\u00e9cieuses.<\/p>\n<p><a href=\"https:\/\/www.wassner.ch\/index.php?page=galleryNav&amp;level=1&amp;catId=1&amp;startWithCatId=1&amp;showCatId=1&amp;resetMenu=1\">D\u00e9couvrez donc l\u2019une des offres de bijoux en or les plus importantes de Suisse!<\/a><\/p>\n<\/div><\/section><\/p><\/div>\n","protected":false},"excerpt":{"rendered":"","protected":false},"author":2,"featured_media":0,"parent":0,"menu_order":0,"comment_status":"closed","ping_status":"closed","template":"","meta":{"footnotes":""},"class_list":["post-530","page","type-page","status-publish","hentry"],"_links":{"self":[{"href":"https:\/\/wassnergreengold.ch\/fr\/wp-json\/wp\/v2\/pages\/530","targetHints":{"allow":["GET"]}}],"collection":[{"href":"https:\/\/wassnergreengold.ch\/fr\/wp-json\/wp\/v2\/pages"}],"about":[{"href":"https:\/\/wassnergreengold.ch\/fr\/wp-json\/wp\/v2\/types\/page"}],"author":[{"embeddable":true,"href":"https:\/\/wassnergreengold.ch\/fr\/wp-json\/wp\/v2\/users\/2"}],"replies":[{"embeddable":true,"href":"https:\/\/wassnergreengold.ch\/fr\/wp-json\/wp\/v2\/comments?post=530"}],"version-history":[{"count":18,"href":"https:\/\/wassnergreengold.ch\/fr\/wp-json\/wp\/v2\/pages\/530\/revisions"}],"predecessor-version":[{"id":980,"href":"https:\/\/wassnergreengold.ch\/fr\/wp-json\/wp\/v2\/pages\/530\/revisions\/980"}],"wp:attachment":[{"href":"https:\/\/wassnergreengold.ch\/fr\/wp-json\/wp\/v2\/media?parent=530"}],"curies":[{"name":"wp","href":"https:\/\/api.w.org\/{rel}","templated":true}]}}